{"id":2506,"date":"2021-11-11T11:06:41","date_gmt":"2021-11-11T11:06:41","guid":{"rendered":"http:\/\/plastifil.ch\/download\/"},"modified":"2024-02-19T19:10:56","modified_gmt":"2024-02-19T19:10:56","slug":"telecharger","status":"publish","type":"page","link":"https:\/\/plastifil.ch\/fr\/telecharger\/","title":{"rendered":"T\u00e9l\u00e9charger"},"content":{"rendered":"<h1>\n<p>Nos ressources <br \/>t\u00e9l\u00e9chargeables<\/p>\n<\/h1>\n<div>Sur cette page, vous pouvez consulter et t\u00e9l\u00e9charger toutes les ressources de Plastifil : brochures officielles de l\u2019entreprise, \u00e9tudes de cas approfondies, livres blancs et documents techniques contenant toutes les sp\u00e9cifications de nos produits et proc\u00e9d\u00e9s.<\/div>\n<ul>\n<li>\n<p>        <img decoding=\"async\" src=\"\/wp-content\/uploads\/2022\/03\/certificazioni-politica-qualita-plastifil-fr.jpg\" alt=\"\"><\/p>\n<h2>Politique Qualit\u00e9<\/h2>\n<p><a href=\"\/wp-content\/uploads\/2022\/03\/FR_POLITIQUE-QUALITE-6.pdf\"><\/a><\/p>\n<\/li>\n<li>\n<p>        <img decoding=\"async\" src=\"\/wp-content\/uploads\/2021\/12\/certificazioni-iso-9001-plastifil.jpg\" alt=\"\"><\/p>\n<h2>ISO 9001:2015 DE<\/h2>\n<p><a href=\"\/wp-content\/uploads\/2024\/02\/334776_en_H43382.pdf\"><\/a><\/p>\n<\/li>\n<li>\n<p>        <img decoding=\"async\" src=\"\/wp-content\/uploads\/2022\/04\/rivestimenti-1-plastifil.jpg\" alt=\"\"><\/p>\n<h2>ECTFE Halar &#8211; Mai 2005<\/h2>\n<p><a href=\"\/wp-content\/uploads\/2022\/04\/ECTFE-Halar-_e_-Mai-2005.pdf\"><\/a><\/p>\n<\/li>\n<li>\n<p>        <img decoding=\"async\" src=\"\/wp-content\/uploads\/2022\/04\/rivestimenti-2-plastifil.jpg\" alt=\"\"><\/p>\n<h2>Plascoat PPA 571ES<\/h2>\n<p><a href=\"\/wp-content\/uploads\/2022\/04\/Plascoat-PPA-571ES.pdf\"><\/a><\/p>\n<\/li>\n<li>\n<p>        <img decoding=\"async\" src=\"\/wp-content\/uploads\/2022\/04\/rivestimenti-3-plastifil.jpg\" alt=\"\"><\/p>\n<h2>Rilsan PA 11<\/h2>\n<p><a href=\"\/wp-content\/uploads\/2022\/04\/Rilsan-PA-11_.pdf\"><\/a><\/p>\n<\/li>\n<li>\n<p>        <img decoding=\"async\" src=\"https:\/\/plastifil.ch\/wp-content\/uploads\/2022\/10\/rivestimenti-3-plastifil-83b7709b.jpeg\" alt=\"\"><\/p>\n<h2>Company Profile_FR<\/h2>\n<p><a href=\"https:\/\/plastifil.ch\/wp-content\/uploads\/2022\/10\/Company-Profile_FR.pdf\"><\/a><\/p>\n<\/li>\n<\/ul>\n<p><!--more--><br \/>\n<!-- {\"name\":\"Company Category\",\"type\":\"layout\",\"children\":[{\"type\":\"section\",\"props\":{\"style\":\"default\",\"width\":\"large\",\"vertical_align\":\"middle\",\"title_position\":\"top-left\",\"title_rotation\":\"left\",\"title_breakpoint\":\"xl\",\"image_position\":\"center-center\",\"padding\":\"large\",\"overlap\":false,\"css\":\" \"},\"children\":[{\"type\":\"row\",\"children\":[{\"type\":\"column\",\"props\":{\"image_position\":\"center-center\",\"media_overlay_gradient\":\"\",\"width_medium\":\"1-1\",\"position_sticky_breakpoint\":\"m\"},\"children\":[{\"type\":\"headline\",\"props\":{\"title_element\":\"h1\",\"title_style\":\"heading-small\",\"content\":\"\n\n<p>Nos ressources <br \\\/>t\\u00e9l\\u00e9chargeables<\\\/p>\"}},{\"type\":\"text\",\"props\":{\"margin\":\"default\",\"column_breakpoint\":\"m\",\"maxwidth\":\"2xlarge\",\"content\":\"Sur cette page, vous pouvez consulter et t\\u00e9l\\u00e9charger toutes les ressources de Plastifil : brochures officielles de l\\u2019entreprise, \\u00e9tudes de cas approfondies, livres blancs et documents techniques contenant toutes les sp\\u00e9cifications de nos produits et proc\\u00e9d\\u00e9s.\"}}]}]}],\"name\":\"Hero\"},{\"type\":\"section\",\"props\":{\"style\":\"muted\",\"width\":\"large\",\"vertical_align\":\"middle\",\"title_position\":\"top-left\",\"title_rotation\":\"left\",\"title_breakpoint\":\"xl\",\"image_position\":\"center-center\",\"padding_remove_bottom\":false,\"css\":\" \",\"class\":\"\"},\"children\":[{\"type\":\"row\",\"children\":[{\"type\":\"column\",\"props\":{\"image_position\":\"center-center\",\"media_overlay_gradient\":\"\",\"width_medium\":\"1-1\",\"position_sticky_breakpoint\":\"m\"},\"children\":[{\"type\":\"grid\",\"props\":{\"show_title\":true,\"show_meta\":true,\"show_content\":true,\"show_image\":true,\"show_link\":true,\"grid_default\":\"1\",\"grid_medium\":\"3\",\"filter_style\":\"tab\",\"filter_all\":true,\"filter_position\":\"top\",\"filter_align\":\"left\",\"filter_grid_width\":\"auto\",\"filter_grid_breakpoint\":\"m\",\"title_hover_style\":\"reset\",\"title_element\":\"h2\",\"title_align\":\"top\",\"title_grid_width\":\"1-2\",\"title_grid_breakpoint\":\"m\",\"meta_style\":\"meta\",\"meta_align\":\"below-title\",\"image_align\":\"top\",\"image_grid_width\":\"1-2\",\"image_grid_breakpoint\":\"m\",\"image_svg_color\":\"emphasis\",\"link_text\":\"\",\"link_style\":\"default\",\"margin\":\"default\",\"item_animation\":true,\"grid_column_gap\":\"medium\",\"grid_row_gap\":\"medium\",\"grid_small\":\"2\",\"panel_style\":\"card-default\",\"title_style\":\"h4\",\"meta_margin\":\"remove\",\"grid_divider\":false,\"panel_link\":true,\"image_width\":\"610\",\"icon_width\":80,\"panel_padding\":\"default\",\"panel_image_no_padding\":true,\"meta_element\":\"div\",\"content_column_breakpoint\":\"m\",\"filter\":true,\"filter_all_label\":\"tout\",\"link_target\":true,\"image_transition\":\"scale-up\",\"image_link\":true},\"children\":[{\"type\":\"grid_item\",\"props\":{\"title\":\"Politique Qualit\\u00e9\",\"image\":\"wp-content\\\/uploads\\\/2022\\\/03\\\/certificazioni-politica-qualita-plastifil-fr.jpg\",\"tags\":\"certifications \",\"link\":\"wp-content\\\/uploads\\\/2022\\\/03\\\/FR_POLITIQUE-QUALITE-6.pdf\"}},{\"type\":\"grid_item\",\"props\":{\"title\":\"ISO 9001:2015 DE\",\"image\":\"wp-content\\\/uploads\\\/2021\\\/12\\\/certificazioni-iso-9001-plastifil.jpg\",\"tags\":\"certifications \",\"link\":\"wp-content\\\/uploads\\\/2024\\\/02\\\/334776_en_H43382.pdf\"}},{\"type\":\"grid_item\",\"props\":{\"title\":\"ECTFE Halar - Mai 2005\",\"link\":\"wp-content\\\/uploads\\\/2022\\\/04\\\/ECTFE-Halar-_e_-Mai-2005.pdf\",\"image\":\"wp-content\\\/uploads\\\/2022\\\/04\\\/rivestimenti-1-plastifil.jpg\",\"tags\":\"Rev\\u00eatements\"}},{\"type\":\"grid_item\",\"props\":{\"title\":\"Plascoat PPA 571ES\",\"link\":\"wp-content\\\/uploads\\\/2022\\\/04\\\/Plascoat-PPA-571ES.pdf\",\"image\":\"wp-content\\\/uploads\\\/2022\\\/04\\\/rivestimenti-2-plastifil.jpg\",\"tags\":\"Rev\\u00eatements\"}},{\"type\":\"grid_item\",\"props\":{\"title\":\"Rilsan PA 11\",\"link\":\"wp-content\\\/uploads\\\/2022\\\/04\\\/Rilsan-PA-11_.pdf\",\"image\":\"wp-content\\\/uploads\\\/2022\\\/04\\\/rivestimenti-3-plastifil.jpg\",\"tags\":\"Rev\\u00eatements\"}},{\"type\":\"grid_item\",\"props\":{\"title\":\"Company Profile_FR\",\"image\":\"https:\\\/\\\/plastifil.ch\\\/wp-content\\\/uploads\\\/2022\\\/10\\\/rivestimenti-3-plastifil-83b7709b.jpeg\",\"link\":\"https:\\\/\\\/plastifil.ch\\\/wp-content\\\/uploads\\\/2022\\\/10\\\/Company-Profile_FR.pdf\"}}],\"name\":\"Companies\"}]}]}],\"name\":\"Companies\"}],\"version\":\"2.7.22\"} --><\/p>\n","protected":false},"excerpt":{"rendered":"<p>Nos ressources t\u00e9l\u00e9chargeables Sur cette page, vous pouvez consulter et t\u00e9l\u00e9charger toutes les ressources de Plastifil : brochures officielles de l\u2019entreprise, \u00e9tudes de cas approfondies, livres blancs et documents techniques contenant toutes les sp\u00e9cifications de nos produits et proc\u00e9d\u00e9s. Politique Qualit\u00e9 ISO 9001:2015 DE ECTFE Halar &#8211; Mai 2005 Plascoat PPA 571ES Rilsan PA 11 [&hellip;]<\/p>\n","protected":false},"author":4,"featured_media":0,"parent":0,"menu_order":0,"comment_status":"closed","ping_status":"closed","template":"","meta":{"footnotes":""},"yoast_head":"<!-- This site is optimized with the Yoast SEO plugin v21.1 - https:\/\/yoast.com\/wordpress\/plugins\/seo\/ -->\n<title>T\u00e9l\u00e9charger - Plastifil SA - Swiss Wire Products<\/title>\n<meta name=\"robots\" content=\"index, follow, max-snippet:-1, max-image-preview:large, max-video-preview:-1\" \/>\n<link rel=\"canonical\" href=\"https:\/\/plastifil.ch\/fr\/telecharger\/\" \/>\n<meta property=\"og:locale\" content=\"fr_FR\" \/>\n<meta property=\"og:type\" content=\"article\" \/>\n<meta property=\"og:title\" content=\"T\u00e9l\u00e9charger - Plastifil SA - Swiss Wire Products\" \/>\n<meta property=\"og:description\" content=\"Nos ressources t\u00e9l\u00e9chargeables Sur cette page, vous pouvez consulter et t\u00e9l\u00e9charger toutes les ressources de Plastifil : brochures officielles de l\u2019entreprise, \u00e9tudes de cas approfondies, livres blancs et documents techniques contenant toutes les sp\u00e9cifications de nos produits et proc\u00e9d\u00e9s. Politique Qualit\u00e9 ISO 9001:2015 DE ECTFE Halar &#8211; Mai 2005 Plascoat PPA 571ES Rilsan PA 11 [&hellip;]\" \/>\n<meta property=\"og:url\" content=\"https:\/\/plastifil.ch\/fr\/telecharger\/\" \/>\n<meta property=\"og:site_name\" content=\"Plastifil SA - Swiss Wire Products\" \/>\n<meta property=\"article:modified_time\" content=\"2024-02-19T19:10:56+00:00\" \/>\n<meta property=\"og:image\" content=\"https:\/\/plastifil.ch\/wp-content\/uploads\/2022\/10\/rivestimenti-3-plastifil-83b7709b.jpeg\" \/>\n<meta name=\"twitter:card\" content=\"summary_large_image\" \/>\n<script type=\"application\/ld+json\" class=\"yoast-schema-graph\">{\"@context\":\"https:\/\/schema.org\",\"@graph\":[{\"@type\":\"WebPage\",\"@id\":\"https:\/\/plastifil.ch\/fr\/telecharger\/\",\"url\":\"https:\/\/plastifil.ch\/fr\/telecharger\/\",\"name\":\"T\u00e9l\u00e9charger - Plastifil SA - Swiss Wire Products\",\"isPartOf\":{\"@id\":\"https:\/\/plastifil.ch\/#website\"},\"datePublished\":\"2021-11-11T11:06:41+00:00\",\"dateModified\":\"2024-02-19T19:10:56+00:00\",\"breadcrumb\":{\"@id\":\"https:\/\/plastifil.ch\/fr\/telecharger\/#breadcrumb\"},\"inLanguage\":\"fr-FR\",\"potentialAction\":[{\"@type\":\"ReadAction\",\"target\":[\"https:\/\/plastifil.ch\/fr\/telecharger\/\"]}]},{\"@type\":\"BreadcrumbList\",\"@id\":\"https:\/\/plastifil.ch\/fr\/telecharger\/#breadcrumb\",\"itemListElement\":[{\"@type\":\"ListItem\",\"position\":1,\"name\":\"Home\",\"item\":\"https:\/\/plastifil.ch\/fr\/\"},{\"@type\":\"ListItem\",\"position\":2,\"name\":\"T\u00e9l\u00e9charger\"}]},{\"@type\":\"WebSite\",\"@id\":\"https:\/\/plastifil.ch\/#website\",\"url\":\"https:\/\/plastifil.ch\/\",\"name\":\"Plastifil SA - Swiss Wire Products\",\"description\":\"\",\"publisher\":{\"@id\":\"https:\/\/plastifil.ch\/#organization\"},\"potentialAction\":[{\"@type\":\"SearchAction\",\"target\":{\"@type\":\"EntryPoint\",\"urlTemplate\":\"https:\/\/plastifil.ch\/?s={search_term_string}\"},\"query-input\":\"required name=search_term_string\"}],\"inLanguage\":\"fr-FR\"},{\"@type\":\"Organization\",\"@id\":\"https:\/\/plastifil.ch\/#organization\",\"name\":\"Plastifil SA\",\"url\":\"https:\/\/plastifil.ch\/\",\"logo\":{\"@type\":\"ImageObject\",\"inLanguage\":\"fr-FR\",\"@id\":\"https:\/\/plastifil.ch\/#\/schema\/logo\/image\/\",\"url\":\"https:\/\/plastifil.ch\/wp-content\/uploads\/2023\/09\/logo-plastifil-icon-png.png\",\"contentUrl\":\"https:\/\/plastifil.ch\/wp-content\/uploads\/2023\/09\/logo-plastifil-icon-png.png\",\"width\":100,\"height\":100,\"caption\":\"Plastifil SA\"},\"image\":{\"@id\":\"https:\/\/plastifil.ch\/#\/schema\/logo\/image\/\"}}]}<\/script>\n<!-- \/ Yoast SEO plugin. -->","yoast_head_json":{"title":"T\u00e9l\u00e9charger - Plastifil SA - Swiss Wire Products","robots":{"index":"index","follow":"follow","max-snippet":"max-snippet:-1","max-image-preview":"max-image-preview:large","max-video-preview":"max-video-preview:-1"},"canonical":"https:\/\/plastifil.ch\/fr\/telecharger\/","og_locale":"fr_FR","og_type":"article","og_title":"T\u00e9l\u00e9charger - Plastifil SA - Swiss Wire Products","og_description":"Nos ressources t\u00e9l\u00e9chargeables Sur cette page, vous pouvez consulter et t\u00e9l\u00e9charger toutes les ressources de Plastifil : brochures officielles de l\u2019entreprise, \u00e9tudes de cas approfondies, livres blancs et documents techniques contenant toutes les sp\u00e9cifications de nos produits et proc\u00e9d\u00e9s. Politique Qualit\u00e9 ISO 9001:2015 DE ECTFE Halar &#8211; Mai 2005 Plascoat PPA 571ES Rilsan PA 11 [&hellip;]","og_url":"https:\/\/plastifil.ch\/fr\/telecharger\/","og_site_name":"Plastifil SA - Swiss Wire Products","article_modified_time":"2024-02-19T19:10:56+00:00","og_image":[{"url":"https:\/\/plastifil.ch\/wp-content\/uploads\/2022\/10\/rivestimenti-3-plastifil-83b7709b.jpeg"}],"twitter_card":"summary_large_image","schema":{"@context":"https:\/\/schema.org","@graph":[{"@type":"WebPage","@id":"https:\/\/plastifil.ch\/fr\/telecharger\/","url":"https:\/\/plastifil.ch\/fr\/telecharger\/","name":"T\u00e9l\u00e9charger - Plastifil SA - Swiss Wire Products","isPartOf":{"@id":"https:\/\/plastifil.ch\/#website"},"datePublished":"2021-11-11T11:06:41+00:00","dateModified":"2024-02-19T19:10:56+00:00","breadcrumb":{"@id":"https:\/\/plastifil.ch\/fr\/telecharger\/#breadcrumb"},"inLanguage":"fr-FR","potentialAction":[{"@type":"ReadAction","target":["https:\/\/plastifil.ch\/fr\/telecharger\/"]}]},{"@type":"BreadcrumbList","@id":"https:\/\/plastifil.ch\/fr\/telecharger\/#breadcrumb","itemListElement":[{"@type":"ListItem","position":1,"name":"Home","item":"https:\/\/plastifil.ch\/fr\/"},{"@type":"ListItem","position":2,"name":"T\u00e9l\u00e9charger"}]},{"@type":"WebSite","@id":"https:\/\/plastifil.ch\/#website","url":"https:\/\/plastifil.ch\/","name":"Plastifil SA - Swiss Wire Products","description":"","publisher":{"@id":"https:\/\/plastifil.ch\/#organization"},"potentialAction":[{"@type":"SearchAction","target":{"@type":"EntryPoint","urlTemplate":"https:\/\/plastifil.ch\/?s={search_term_string}"},"query-input":"required name=search_term_string"}],"inLanguage":"fr-FR"},{"@type":"Organization","@id":"https:\/\/plastifil.ch\/#organization","name":"Plastifil SA","url":"https:\/\/plastifil.ch\/","logo":{"@type":"ImageObject","inLanguage":"fr-FR","@id":"https:\/\/plastifil.ch\/#\/schema\/logo\/image\/","url":"https:\/\/plastifil.ch\/wp-content\/uploads\/2023\/09\/logo-plastifil-icon-png.png","contentUrl":"https:\/\/plastifil.ch\/wp-content\/uploads\/2023\/09\/logo-plastifil-icon-png.png","width":100,"height":100,"caption":"Plastifil SA"},"image":{"@id":"https:\/\/plastifil.ch\/#\/schema\/logo\/image\/"}}]}},"_links":{"self":[{"href":"https:\/\/plastifil.ch\/fr\/wp-json\/wp\/v2\/pages\/2506"}],"collection":[{"href":"https:\/\/plastifil.ch\/fr\/wp-json\/wp\/v2\/pages"}],"about":[{"href":"https:\/\/plastifil.ch\/fr\/wp-json\/wp\/v2\/types\/page"}],"author":[{"embeddable":true,"href":"https:\/\/plastifil.ch\/fr\/wp-json\/wp\/v2\/users\/4"}],"replies":[{"embeddable":true,"href":"https:\/\/plastifil.ch\/fr\/wp-json\/wp\/v2\/comments?post=2506"}],"version-history":[{"count":21,"href":"https:\/\/plastifil.ch\/fr\/wp-json\/wp\/v2\/pages\/2506\/revisions"}],"predecessor-version":[{"id":4105,"href":"https:\/\/plastifil.ch\/fr\/wp-json\/wp\/v2\/pages\/2506\/revisions\/4105"}],"wp:attachment":[{"href":"https:\/\/plastifil.ch\/fr\/wp-json\/wp\/v2\/media?parent=2506"}],"curies":[{"name":"wp","href":"https:\/\/api.w.org\/{rel}","templated":true}]}}