{"id":2504,"date":"2021-11-11T11:06:41","date_gmt":"2021-11-11T11:06:41","guid":{"rendered":"http:\/\/plastifil.ch\/download\/"},"modified":"2024-02-19T19:10:48","modified_gmt":"2024-02-19T19:10:48","slug":"download","status":"publish","type":"page","link":"https:\/\/plastifil.ch\/de\/download\/","title":{"rendered":"Download"},"content":{"rendered":"<h1>\n<p>Dokumente <br \/>zum Download<\/p>\n<\/h1>\n<div>\n<p>Auf dieser Seite k\u00f6nnen Sie verschiedene von Plastifil bereitgestellte Dokumente einsehen und herunterladen: offizielle Pr\u00e4sentationsbrosch\u00fcre der Firma; Case Studies; White Papier und technische Unterlagen mit allen Spezifikationen unserer Produkte und Bearbeitungsverfahren.<\/p>\n<p><span>\u00a0<\/span><\/p>\n<\/div>\n<ul>\n<li>\n<p>        <img decoding=\"async\" src=\"\/wp-content\/uploads\/2022\/03\/certificazioni-politica-qualita-plastifil-de.jpg\" alt=\"\"><\/p>\n<h2>Qualit\u00e4tspolitik<\/h2>\n<p><a href=\"\/wp-content\/uploads\/2022\/03\/DE_QUALITATSPOLITIK-4.pdf\"><\/a><\/p>\n<\/li>\n<li>\n<p>        <img decoding=\"async\" src=\"\/wp-content\/uploads\/2021\/12\/certificazioni-iso-9001-plastifil.jpg\" alt=\"\"><\/p>\n<h2>ISO 9001:2015 DE<\/h2>\n<p><a href=\"\/wp-content\/uploads\/2024\/02\/334776_en_H43382.pdf\"><\/a><\/p>\n<\/li>\n<li>\n<p>        <img decoding=\"async\" src=\"\/wp-content\/uploads\/2022\/04\/rivestimenti-1-plastifil.jpg\" alt=\"\"><\/p>\n<h2>ECTFE Halar &#8211; Mai 2005<\/h2>\n<p><a href=\"\/wp-content\/uploads\/2022\/04\/ECTFE-Halar-_e_-Mai-2005.pdf\"><\/a><\/p>\n<\/li>\n<li>\n<p>        <img decoding=\"async\" src=\"\/wp-content\/uploads\/2022\/04\/rivestimenti-2-plastifil.jpg\" alt=\"\"><\/p>\n<h2>Plascoat PPA 571ES<\/h2>\n<p><a href=\"\/wp-content\/uploads\/2022\/04\/Plascoat-PPA-571ES.pdf\"><\/a><\/p>\n<\/li>\n<li>\n<p>        <img decoding=\"async\" src=\"\/wp-content\/uploads\/2022\/04\/rivestimenti-3-plastifil.jpg\" alt=\"\"><\/p>\n<h2>Rilsan PA 11<\/h2>\n<p><a href=\"\/wp-content\/uploads\/2022\/04\/Rilsan-PA-11_.pdf\"><\/a><\/p>\n<\/li>\n<li>\n<p>        <img decoding=\"async\" src=\"https:\/\/plastifil.ch\/wp-content\/uploads\/2022\/10\/rivestimenti-3-plastifil-83b7709b.jpeg\" alt=\"\"><\/p>\n<h2>Company Profile_DE<\/h2>\n<p><a href=\"https:\/\/plastifil.ch\/wp-content\/uploads\/2022\/10\/Company-Profile_DE.pdf\"><\/a><\/p>\n<\/li>\n<\/ul>\n<p><!--more--><br \/>\n<!-- {\"name\":\"Company Category\",\"type\":\"layout\",\"children\":[{\"type\":\"section\",\"props\":{\"style\":\"default\",\"width\":\"large\",\"vertical_align\":\"middle\",\"title_position\":\"top-left\",\"title_rotation\":\"left\",\"title_breakpoint\":\"xl\",\"image_position\":\"center-center\",\"padding\":\"large\",\"overlap\":false,\"css\":\" \"},\"children\":[{\"type\":\"row\",\"children\":[{\"type\":\"column\",\"props\":{\"image_position\":\"center-center\",\"media_overlay_gradient\":\"\",\"width_medium\":\"1-1\",\"position_sticky_breakpoint\":\"m\"},\"children\":[{\"type\":\"headline\",\"props\":{\"title_element\":\"h1\",\"title_style\":\"heading-small\",\"content\":\"\n\n<p>Dokumente <br \\\/>zum Download<\\\/p>\"}},{\"type\":\"text\",\"props\":{\"margin\":\"default\",\"column_breakpoint\":\"m\",\"maxwidth\":\"2xlarge\",\"content\":\"\n\n<p>Auf dieser Seite k\\u00f6nnen Sie verschiedene von Plastifil bereitgestellte Dokumente einsehen und herunterladen: offizielle Pr\\u00e4sentationsbrosch\\u00fcre der Firma; Case Studies; White Papier und technische Unterlagen mit allen Spezifikationen unserer Produkte und Bearbeitungsverfahren.<\\\/p>\\n\n\n<p><span>\\u00a0<\\\/span><\\\/p>\"}}]}]}],\"name\":\"Hero\"},{\"type\":\"section\",\"props\":{\"style\":\"muted\",\"width\":\"large\",\"vertical_align\":\"middle\",\"title_position\":\"top-left\",\"title_rotation\":\"left\",\"title_breakpoint\":\"xl\",\"image_position\":\"center-center\",\"padding_remove_bottom\":false,\"css\":\" \",\"class\":\"\"},\"children\":[{\"type\":\"row\",\"children\":[{\"type\":\"column\",\"props\":{\"image_position\":\"center-center\",\"media_overlay_gradient\":\"\",\"width_medium\":\"1-1\",\"position_sticky_breakpoint\":\"m\"},\"children\":[{\"type\":\"grid\",\"props\":{\"show_title\":true,\"show_meta\":true,\"show_content\":true,\"show_image\":true,\"show_link\":true,\"grid_default\":\"1\",\"grid_medium\":\"3\",\"filter_style\":\"tab\",\"filter_all\":true,\"filter_position\":\"top\",\"filter_align\":\"left\",\"filter_grid_width\":\"auto\",\"filter_grid_breakpoint\":\"m\",\"title_hover_style\":\"reset\",\"title_element\":\"h2\",\"title_align\":\"top\",\"title_grid_width\":\"1-2\",\"title_grid_breakpoint\":\"m\",\"meta_style\":\"meta\",\"meta_align\":\"below-title\",\"image_align\":\"top\",\"image_grid_width\":\"1-2\",\"image_grid_breakpoint\":\"m\",\"image_svg_color\":\"emphasis\",\"link_text\":\"\",\"link_style\":\"default\",\"margin\":\"default\",\"item_animation\":true,\"grid_column_gap\":\"medium\",\"grid_row_gap\":\"medium\",\"grid_small\":\"2\",\"panel_style\":\"card-default\",\"title_style\":\"h4\",\"meta_margin\":\"remove\",\"grid_divider\":false,\"panel_link\":true,\"image_width\":\"610\",\"icon_width\":80,\"panel_padding\":\"default\",\"panel_image_no_padding\":true,\"meta_element\":\"div\",\"content_column_breakpoint\":\"m\",\"filter\":true,\"filter_all_label\":\"alles \",\"link_target\":true,\"image_transition\":\"scale-up\",\"image_link\":true},\"children\":[{\"type\":\"grid_item\",\"props\":{\"title\":\"Qualit\\u00e4tspolitik\",\"image\":\"wp-content\\\/uploads\\\/2022\\\/03\\\/certificazioni-politica-qualita-plastifil-de.jpg\",\"tags\":\"ZERTIFIZIERUNGEN\",\"link\":\"wp-content\\\/uploads\\\/2022\\\/03\\\/DE_QUALITATSPOLITIK-4.pdf\"}},{\"type\":\"grid_item\",\"props\":{\"title\":\"ISO 9001:2015 DE\",\"image\":\"wp-content\\\/uploads\\\/2021\\\/12\\\/certificazioni-iso-9001-plastifil.jpg\",\"tags\":\"ZERTIFIZIERUNGEN\",\"link\":\"wp-content\\\/uploads\\\/2024\\\/02\\\/334776_en_H43382.pdf\"}},{\"type\":\"grid_item\",\"props\":{\"title\":\"ECTFE Halar - Mai 2005\",\"image\":\"wp-content\\\/uploads\\\/2022\\\/04\\\/rivestimenti-1-plastifil.jpg\",\"tags\":\"Beschichtungen\",\"link\":\"wp-content\\\/uploads\\\/2022\\\/04\\\/ECTFE-Halar-_e_-Mai-2005.pdf\"}},{\"type\":\"grid_item\",\"props\":{\"title\":\"Plascoat PPA 571ES\",\"image\":\"wp-content\\\/uploads\\\/2022\\\/04\\\/rivestimenti-2-plastifil.jpg\",\"tags\":\"Beschichtungen\",\"link\":\"wp-content\\\/uploads\\\/2022\\\/04\\\/Plascoat-PPA-571ES.pdf\"}},{\"type\":\"grid_item\",\"props\":{\"title\":\"Rilsan PA 11\",\"image\":\"wp-content\\\/uploads\\\/2022\\\/04\\\/rivestimenti-3-plastifil.jpg\",\"tags\":\"Beschichtungen\",\"link\":\"wp-content\\\/uploads\\\/2022\\\/04\\\/Rilsan-PA-11_.pdf\"}},{\"type\":\"grid_item\",\"props\":{\"title\":\"Company Profile_DE\",\"image\":\"https:\\\/\\\/plastifil.ch\\\/wp-content\\\/uploads\\\/2022\\\/10\\\/rivestimenti-3-plastifil-83b7709b.jpeg\",\"link\":\"https:\\\/\\\/plastifil.ch\\\/wp-content\\\/uploads\\\/2022\\\/10\\\/Company-Profile_DE.pdf\"}}],\"name\":\"Companies\"}]}]}],\"name\":\"Companies\"}],\"version\":\"2.7.22\"} --><\/p>\n","protected":false},"excerpt":{"rendered":"<p>Dokumente zum Download Auf dieser Seite k\u00f6nnen Sie verschiedene von Plastifil bereitgestellte Dokumente einsehen und herunterladen: offizielle Pr\u00e4sentationsbrosch\u00fcre der Firma; Case Studies; White Papier und technische Unterlagen mit allen Spezifikationen unserer Produkte und Bearbeitungsverfahren. \u00a0 Qualit\u00e4tspolitik ISO 9001:2015 DE ECTFE Halar &#8211; Mai 2005 Plascoat PPA 571ES Rilsan PA 11 Company Profile_DE<\/p>\n","protected":false},"author":4,"featured_media":0,"parent":0,"menu_order":0,"comment_status":"closed","ping_status":"closed","template":"","meta":{"footnotes":""},"yoast_head":"<!-- This site is optimized with the Yoast SEO plugin v21.1 - https:\/\/yoast.com\/wordpress\/plugins\/seo\/ -->\n<title>Download - Plastifil SA - Swiss Wire Products<\/title>\n<meta name=\"robots\" content=\"index, follow, max-snippet:-1, max-image-preview:large, max-video-preview:-1\" \/>\n<link rel=\"canonical\" href=\"https:\/\/plastifil.ch\/de\/download\/\" \/>\n<meta property=\"og:locale\" content=\"de_DE\" \/>\n<meta property=\"og:type\" content=\"article\" \/>\n<meta property=\"og:title\" content=\"Download - Plastifil SA - Swiss Wire Products\" \/>\n<meta property=\"og:description\" content=\"Dokumente zum Download Auf dieser Seite k\u00f6nnen Sie verschiedene von Plastifil bereitgestellte Dokumente einsehen und herunterladen: offizielle Pr\u00e4sentationsbrosch\u00fcre der Firma; Case Studies; White Papier und technische Unterlagen mit allen Spezifikationen unserer Produkte und Bearbeitungsverfahren. \u00a0 Qualit\u00e4tspolitik ISO 9001:2015 DE ECTFE Halar &#8211; Mai 2005 Plascoat PPA 571ES Rilsan PA 11 Company Profile_DE\" \/>\n<meta property=\"og:url\" content=\"https:\/\/plastifil.ch\/de\/download\/\" \/>\n<meta property=\"og:site_name\" content=\"Plastifil SA - Swiss Wire Products\" \/>\n<meta property=\"article:modified_time\" content=\"2024-02-19T19:10:48+00:00\" \/>\n<meta property=\"og:image\" content=\"https:\/\/plastifil.ch\/wp-content\/uploads\/2022\/10\/rivestimenti-3-plastifil-83b7709b.jpeg\" \/>\n<meta name=\"twitter:card\" content=\"summary_large_image\" \/>\n<script type=\"application\/ld+json\" class=\"yoast-schema-graph\">{\"@context\":\"https:\/\/schema.org\",\"@graph\":[{\"@type\":\"WebPage\",\"@id\":\"https:\/\/plastifil.ch\/de\/download\/\",\"url\":\"https:\/\/plastifil.ch\/de\/download\/\",\"name\":\"Download - Plastifil SA - Swiss Wire Products\",\"isPartOf\":{\"@id\":\"https:\/\/plastifil.ch\/#website\"},\"datePublished\":\"2021-11-11T11:06:41+00:00\",\"dateModified\":\"2024-02-19T19:10:48+00:00\",\"breadcrumb\":{\"@id\":\"https:\/\/plastifil.ch\/de\/download\/#breadcrumb\"},\"inLanguage\":\"de\",\"potentialAction\":[{\"@type\":\"ReadAction\",\"target\":[\"https:\/\/plastifil.ch\/de\/download\/\"]}]},{\"@type\":\"BreadcrumbList\",\"@id\":\"https:\/\/plastifil.ch\/de\/download\/#breadcrumb\",\"itemListElement\":[{\"@type\":\"ListItem\",\"position\":1,\"name\":\"Home\",\"item\":\"https:\/\/plastifil.ch\/de\/\"},{\"@type\":\"ListItem\",\"position\":2,\"name\":\"Download\"}]},{\"@type\":\"WebSite\",\"@id\":\"https:\/\/plastifil.ch\/#website\",\"url\":\"https:\/\/plastifil.ch\/\",\"name\":\"Plastifil SA - Swiss Wire Products\",\"description\":\"\",\"publisher\":{\"@id\":\"https:\/\/plastifil.ch\/#organization\"},\"potentialAction\":[{\"@type\":\"SearchAction\",\"target\":{\"@type\":\"EntryPoint\",\"urlTemplate\":\"https:\/\/plastifil.ch\/?s={search_term_string}\"},\"query-input\":\"required name=search_term_string\"}],\"inLanguage\":\"de\"},{\"@type\":\"Organization\",\"@id\":\"https:\/\/plastifil.ch\/#organization\",\"name\":\"Plastifil SA\",\"url\":\"https:\/\/plastifil.ch\/\",\"logo\":{\"@type\":\"ImageObject\",\"inLanguage\":\"de\",\"@id\":\"https:\/\/plastifil.ch\/#\/schema\/logo\/image\/\",\"url\":\"https:\/\/plastifil.ch\/wp-content\/uploads\/2023\/09\/logo-plastifil-icon-png.png\",\"contentUrl\":\"https:\/\/plastifil.ch\/wp-content\/uploads\/2023\/09\/logo-plastifil-icon-png.png\",\"width\":100,\"height\":100,\"caption\":\"Plastifil SA\"},\"image\":{\"@id\":\"https:\/\/plastifil.ch\/#\/schema\/logo\/image\/\"}}]}<\/script>\n<!-- \/ Yoast SEO plugin. -->","yoast_head_json":{"title":"Download - Plastifil SA - Swiss Wire Products","robots":{"index":"index","follow":"follow","max-snippet":"max-snippet:-1","max-image-preview":"max-image-preview:large","max-video-preview":"max-video-preview:-1"},"canonical":"https:\/\/plastifil.ch\/de\/download\/","og_locale":"de_DE","og_type":"article","og_title":"Download - Plastifil SA - Swiss Wire Products","og_description":"Dokumente zum Download Auf dieser Seite k\u00f6nnen Sie verschiedene von Plastifil bereitgestellte Dokumente einsehen und herunterladen: offizielle Pr\u00e4sentationsbrosch\u00fcre der Firma; Case Studies; White Papier und technische Unterlagen mit allen Spezifikationen unserer Produkte und Bearbeitungsverfahren. \u00a0 Qualit\u00e4tspolitik ISO 9001:2015 DE ECTFE Halar &#8211; Mai 2005 Plascoat PPA 571ES Rilsan PA 11 Company Profile_DE","og_url":"https:\/\/plastifil.ch\/de\/download\/","og_site_name":"Plastifil SA - Swiss Wire Products","article_modified_time":"2024-02-19T19:10:48+00:00","og_image":[{"url":"https:\/\/plastifil.ch\/wp-content\/uploads\/2022\/10\/rivestimenti-3-plastifil-83b7709b.jpeg"}],"twitter_card":"summary_large_image","schema":{"@context":"https:\/\/schema.org","@graph":[{"@type":"WebPage","@id":"https:\/\/plastifil.ch\/de\/download\/","url":"https:\/\/plastifil.ch\/de\/download\/","name":"Download - Plastifil SA - Swiss Wire Products","isPartOf":{"@id":"https:\/\/plastifil.ch\/#website"},"datePublished":"2021-11-11T11:06:41+00:00","dateModified":"2024-02-19T19:10:48+00:00","breadcrumb":{"@id":"https:\/\/plastifil.ch\/de\/download\/#breadcrumb"},"inLanguage":"de","potentialAction":[{"@type":"ReadAction","target":["https:\/\/plastifil.ch\/de\/download\/"]}]},{"@type":"BreadcrumbList","@id":"https:\/\/plastifil.ch\/de\/download\/#breadcrumb","itemListElement":[{"@type":"ListItem","position":1,"name":"Home","item":"https:\/\/plastifil.ch\/de\/"},{"@type":"ListItem","position":2,"name":"Download"}]},{"@type":"WebSite","@id":"https:\/\/plastifil.ch\/#website","url":"https:\/\/plastifil.ch\/","name":"Plastifil SA - Swiss Wire Products","description":"","publisher":{"@id":"https:\/\/plastifil.ch\/#organization"},"potentialAction":[{"@type":"SearchAction","target":{"@type":"EntryPoint","urlTemplate":"https:\/\/plastifil.ch\/?s={search_term_string}"},"query-input":"required name=search_term_string"}],"inLanguage":"de"},{"@type":"Organization","@id":"https:\/\/plastifil.ch\/#organization","name":"Plastifil SA","url":"https:\/\/plastifil.ch\/","logo":{"@type":"ImageObject","inLanguage":"de","@id":"https:\/\/plastifil.ch\/#\/schema\/logo\/image\/","url":"https:\/\/plastifil.ch\/wp-content\/uploads\/2023\/09\/logo-plastifil-icon-png.png","contentUrl":"https:\/\/plastifil.ch\/wp-content\/uploads\/2023\/09\/logo-plastifil-icon-png.png","width":100,"height":100,"caption":"Plastifil SA"},"image":{"@id":"https:\/\/plastifil.ch\/#\/schema\/logo\/image\/"}}]}},"_links":{"self":[{"href":"https:\/\/plastifil.ch\/de\/wp-json\/wp\/v2\/pages\/2504"}],"collection":[{"href":"https:\/\/plastifil.ch\/de\/wp-json\/wp\/v2\/pages"}],"about":[{"href":"https:\/\/plastifil.ch\/de\/wp-json\/wp\/v2\/types\/page"}],"author":[{"embeddable":true,"href":"https:\/\/plastifil.ch\/de\/wp-json\/wp\/v2\/users\/4"}],"replies":[{"embeddable":true,"href":"https:\/\/plastifil.ch\/de\/wp-json\/wp\/v2\/comments?post=2504"}],"version-history":[{"count":17,"href":"https:\/\/plastifil.ch\/de\/wp-json\/wp\/v2\/pages\/2504\/revisions"}],"predecessor-version":[{"id":4104,"href":"https:\/\/plastifil.ch\/de\/wp-json\/wp\/v2\/pages\/2504\/revisions\/4104"}],"wp:attachment":[{"href":"https:\/\/plastifil.ch\/de\/wp-json\/wp\/v2\/media?parent=2504"}],"curies":[{"name":"wp","href":"https:\/\/api.w.org\/{rel}","templated":true}]}}